{"id":100,"date":"2021-05-28T20:37:25","date_gmt":"2021-05-28T18:37:25","guid":{"rendered":"https:\/\/www.alphaxdata.com\/?page_id=100"},"modified":"2021-06-07T19:51:44","modified_gmt":"2021-06-07T17:51:44","slug":"contact","status":"publish","type":"page","link":"https:\/\/www.alphaxdata.com\/?page_id=100","title":{"rendered":"Contact"},"content":{"rendered":"\n<h3 class=\"has-text-align-center\">Vous souhaitez obtenir plus d\u2019informations sur les services et prestations Alphaxdata et \/ou formuler une demande de devis?<\/h3>\n\n\n\n<div style=\"height:100px\" aria-hidden=\"true\" class=\"wp-block-spacer\"><\/div>\n\n\n\n<p><\/p>\n\n\n\n<div class=\"wp-container-1 wp-block-buttons\">\n<div class=\"wp-block-button is-style-outline\"><a class=\"wp-block-button__link\" href=\"mailto:contact@alphaxdata.com\" target=\"_blank\" rel=\"noreferrer noopener\">\u00c9crivez-nous <\/a><\/div>\n<\/div>\n","protected":false},"excerpt":{"rendered":"<p>Vous souhaitez obtenir plus d\u2019informations sur les services et prestations Alphaxdata et \/ou formuler une demande de devis?<\/p>\n","protected":false},"author":2,"featured_media":98,"parent":0,"menu_order":4,"comment_status":"closed","ping_status":"closed","template":"","meta":[],"yoast_head":"<!-- This site is optimized with the Yoast SEO plugin v19.13 - https:\/\/yoast.com\/wordpress\/plugins\/seo\/ -->\n<title>Contact - Alphaxdata<\/title>\n<meta name=\"robots\" content=\"index, follow, max-snippet:-1, max-image-preview:large, max-video-preview:-1\" \/>\n<link rel=\"canonical\" href=\"https:\/\/www.alphaxdata.com\/?page_id=100\" \/>\n<meta property=\"og:locale\" content=\"fr_FR\" \/>\n<meta property=\"og:type\" content=\"article\" \/>\n<meta property=\"og:title\" content=\"Contact - Alphaxdata\" \/>\n<meta property=\"og:description\" content=\"Vous souhaitez obtenir plus d\u2019informations sur les services et prestations Alphaxdata et \/ou formuler une demande de devis?\" \/>\n<meta property=\"og:url\" content=\"https:\/\/www.alphaxdata.com\/?page_id=100\" \/>\n<meta property=\"og:site_name\" content=\"Alphaxdata\" \/>\n<meta property=\"article:modified_time\" content=\"2021-06-07T17:51:44+00:00\" \/>\n<meta property=\"og:image\" content=\"https:\/\/www.alphaxdata.com\/wp-content\/uploads\/2021\/05\/5C2A0EA2-B2C1-465E-AAE5-64F84A372DD9.jpeg\" \/>\n\t<meta property=\"og:image:width\" content=\"1280\" \/>\n\t<meta property=\"og:image:height\" content=\"853\" \/>\n\t<meta property=\"og:image:type\" content=\"image\/jpeg\" \/>\n<meta name=\"twitter:card\" content=\"summary_large_image\" \/>\n<script type=\"application\/ld+json\" class=\"yoast-schema-graph\">{\"@context\":\"https:\/\/schema.org\",\"@graph\":[{\"@type\":\"WebPage\",\"@id\":\"https:\/\/www.alphaxdata.com\/?page_id=100\",\"url\":\"https:\/\/www.alphaxdata.com\/?page_id=100\",\"name\":\"Contact - Alphaxdata\",\"isPartOf\":{\"@id\":\"https:\/\/www.alphaxdata.com\/#website\"},\"datePublished\":\"2021-05-28T18:37:25+00:00\",\"dateModified\":\"2021-06-07T17:51:44+00:00\",\"breadcrumb\":{\"@id\":\"https:\/\/www.alphaxdata.com\/?page_id=100#breadcrumb\"},\"inLanguage\":\"fr-FR\",\"potentialAction\":[{\"@type\":\"ReadAction\",\"target\":[\"https:\/\/www.alphaxdata.com\/?page_id=100\"]}]},{\"@type\":\"BreadcrumbList\",\"@id\":\"https:\/\/www.alphaxdata.com\/?page_id=100#breadcrumb\",\"itemListElement\":[{\"@type\":\"ListItem\",\"position\":1,\"name\":\"Accueil\",\"item\":\"https:\/\/www.alphaxdata.com\/\"},{\"@type\":\"ListItem\",\"position\":2,\"name\":\"Contact\"}]},{\"@type\":\"WebSite\",\"@id\":\"https:\/\/www.alphaxdata.com\/#website\",\"url\":\"https:\/\/www.alphaxdata.com\/\",\"name\":\"Alphaxdata\",\"description\":\"La s\u00e9curit\u00e9 de l&#039;information, d\u00e8s le d\u00e9part.\",\"publisher\":{\"@id\":\"https:\/\/www.alphaxdata.com\/#organization\"},\"potentialAction\":[{\"@type\":\"SearchAction\",\"target\":{\"@type\":\"EntryPoint\",\"urlTemplate\":\"https:\/\/www.alphaxdata.com\/?s={search_term_string}\"},\"query-input\":\"required name=search_term_string\"}],\"inLanguage\":\"fr-FR\"},{\"@type\":\"Organization\",\"@id\":\"https:\/\/www.alphaxdata.com\/#organization\",\"name\":\"Alphaxdata\",\"url\":\"https:\/\/www.alphaxdata.com\/\",\"logo\":{\"@type\":\"ImageObject\",\"inLanguage\":\"fr-FR\",\"@id\":\"https:\/\/www.alphaxdata.com\/#\/schema\/logo\/image\/\",\"url\":\"https:\/\/www.alphaxdata.com\/wp-content\/uploads\/2021\/04\/cropped-alphaxdata-logo-1.png\",\"contentUrl\":\"https:\/\/www.alphaxdata.com\/wp-content\/uploads\/2021\/04\/cropped-alphaxdata-logo-1.png\",\"width\":1272,\"height\":643,\"caption\":\"Alphaxdata\"},\"image\":{\"@id\":\"https:\/\/www.alphaxdata.com\/#\/schema\/logo\/image\/\"}}]}<\/script>\n<!-- \/ Yoast SEO plugin. -->","yoast_head_json":{"title":"Contact - Alphaxdata","robots":{"index":"index","follow":"follow","max-snippet":"max-snippet:-1","max-image-preview":"max-image-preview:large","max-video-preview":"max-video-preview:-1"},"canonical":"https:\/\/www.alphaxdata.com\/?page_id=100","og_locale":"fr_FR","og_type":"article","og_title":"Contact - Alphaxdata","og_description":"Vous souhaitez obtenir plus d\u2019informations sur les services et prestations Alphaxdata et \/ou formuler une demande de devis?","og_url":"https:\/\/www.alphaxdata.com\/?page_id=100","og_site_name":"Alphaxdata","article_modified_time":"2021-06-07T17:51:44+00:00","og_image":[{"width":1280,"height":853,"url":"https:\/\/www.alphaxdata.com\/wp-content\/uploads\/2021\/05\/5C2A0EA2-B2C1-465E-AAE5-64F84A372DD9.jpeg","type":"image\/jpeg"}],"twitter_card":"summary_large_image","schema":{"@context":"https:\/\/schema.org","@graph":[{"@type":"WebPage","@id":"https:\/\/www.alphaxdata.com\/?page_id=100","url":"https:\/\/www.alphaxdata.com\/?page_id=100","name":"Contact - Alphaxdata","isPartOf":{"@id":"https:\/\/www.alphaxdata.com\/#website"},"datePublished":"2021-05-28T18:37:25+00:00","dateModified":"2021-06-07T17:51:44+00:00","breadcrumb":{"@id":"https:\/\/www.alphaxdata.com\/?page_id=100#breadcrumb"},"inLanguage":"fr-FR","potentialAction":[{"@type":"ReadAction","target":["https:\/\/www.alphaxdata.com\/?page_id=100"]}]},{"@type":"BreadcrumbList","@id":"https:\/\/www.alphaxdata.com\/?page_id=100#breadcrumb","itemListElement":[{"@type":"ListItem","position":1,"name":"Accueil","item":"https:\/\/www.alphaxdata.com\/"},{"@type":"ListItem","position":2,"name":"Contact"}]},{"@type":"WebSite","@id":"https:\/\/www.alphaxdata.com\/#website","url":"https:\/\/www.alphaxdata.com\/","name":"Alphaxdata","description":"La s\u00e9curit\u00e9 de l&#039;information, d\u00e8s le d\u00e9part.","publisher":{"@id":"https:\/\/www.alphaxdata.com\/#organization"},"potentialAction":[{"@type":"SearchAction","target":{"@type":"EntryPoint","urlTemplate":"https:\/\/www.alphaxdata.com\/?s={search_term_string}"},"query-input":"required name=search_term_string"}],"inLanguage":"fr-FR"},{"@type":"Organization","@id":"https:\/\/www.alphaxdata.com\/#organization","name":"Alphaxdata","url":"https:\/\/www.alphaxdata.com\/","logo":{"@type":"ImageObject","inLanguage":"fr-FR","@id":"https:\/\/www.alphaxdata.com\/#\/schema\/logo\/image\/","url":"https:\/\/www.alphaxdata.com\/wp-content\/uploads\/2021\/04\/cropped-alphaxdata-logo-1.png","contentUrl":"https:\/\/www.alphaxdata.com\/wp-content\/uploads\/2021\/04\/cropped-alphaxdata-logo-1.png","width":1272,"height":643,"caption":"Alphaxdata"},"image":{"@id":"https:\/\/www.alphaxdata.com\/#\/schema\/logo\/image\/"}}]}},"_links":{"self":[{"href":"https:\/\/www.alphaxdata.com\/index.php?rest_route=\/wp\/v2\/pages\/100"}],"collection":[{"href":"https:\/\/www.alphaxdata.com\/index.php?rest_route=\/wp\/v2\/pages"}],"about":[{"href":"https:\/\/www.alphaxdata.com\/index.php?rest_route=\/wp\/v2\/types\/page"}],"author":[{"embeddable":true,"href":"https:\/\/www.alphaxdata.com\/index.php?rest_route=\/wp\/v2\/users\/2"}],"replies":[{"embeddable":true,"href":"https:\/\/www.alphaxdata.com\/index.php?rest_route=%2Fwp%2Fv2%2Fcomments&post=100"}],"version-history":[{"count":14,"href":"https:\/\/www.alphaxdata.com\/index.php?rest_route=\/wp\/v2\/pages\/100\/revisions"}],"predecessor-version":[{"id":176,"href":"https:\/\/www.alphaxdata.com\/index.php?rest_route=\/wp\/v2\/pages\/100\/revisions\/176"}],"wp:featuredmedia":[{"embeddable":true,"href":"https:\/\/www.alphaxdata.com\/index.php?rest_route=\/wp\/v2\/media\/98"}],"wp:attachment":[{"href":"https:\/\/www.alphaxdata.com\/index.php?rest_route=%2Fwp%2Fv2%2Fmedia&parent=100"}],"curies":[{"name":"wp","href":"https:\/\/api.w.org\/{rel}","templated":true}]}}